{"id":16,"date":"2019-08-24T11:10:38","date_gmt":"2019-08-24T11:10:38","guid":{"rendered":"https:\/\/kobe-rokko.jp\/cms\/de\/?page_id=16"},"modified":"2022-03-25T14:41:59","modified_gmt":"2022-03-25T05:41:59","slug":"contact","status":"publish","type":"page","link":"https:\/\/kobe-rokko.jp\/de\/contact\/","title":{"rendered":"Kontakt"},"content":{"rendered":"<h2>Abteilung f\u00fcr Tourismusplanung des Wirtschafts- und Tourismusb\u00fcros der Stadt Kobe<\/h2>\n<p>Sannomiya Building, \u00d6stlicher Anbau 9F, 6-1-12 Goko-dori, Chuo-ku, Kobe 651-0087<\/p>\n<p class=\"description\">E-Mail\uff1a<a href=\"mailto:kobe_tourism_03@office.city.kobe.lg.jp\">kobe_tourism_03@office.city.kobe.lg.jp<\/a><\/p>\n","protected":false},"excerpt":{"rendered":"<p>Abteilung f\u00fcr Tourismusplanung des Wirtschafts- und Tourismusb\u00fcros der Stadt Kobe Sannomiya Building, \u00d6stlicher Anbau 9F, 6-1-12 Goko-dori, Chuo-ku, Kobe 651-0087 E-Mail\uff1akobe_tourism_03@office.city.kobe.lg.jp<\/p>\n","protected":false},"author":1,"featured_media":0,"parent":0,"menu_order":0,"comment_status":"closed","ping_status":"closed","template":"","meta":{"footnotes":""},"class_list":["post-16","page","type-page","status-publish","hentry"],"aioseo_notices":[],"_links":{"self":[{"href":"https:\/\/kobe-rokko.jp\/de\/wp-json\/wp\/v2\/pages\/16","targetHints":{"allow":["GET"]}}],"collection":[{"href":"https:\/\/kobe-rokko.jp\/de\/wp-json\/wp\/v2\/pages"}],"about":[{"href":"https:\/\/kobe-rokko.jp\/de\/wp-json\/wp\/v2\/types\/page"}],"author":[{"embeddable":true,"href":"https:\/\/kobe-rokko.jp\/de\/wp-json\/wp\/v2\/users\/1"}],"replies":[{"embeddable":true,"href":"https:\/\/kobe-rokko.jp\/de\/wp-json\/wp\/v2\/comments?post=16"}],"version-history":[{"count":0,"href":"https:\/\/kobe-rokko.jp\/de\/wp-json\/wp\/v2\/pages\/16\/revisions"}],"wp:attachment":[{"href":"https:\/\/kobe-rokko.jp\/de\/wp-json\/wp\/v2\/media?parent=16"}],"curies":[{"name":"wp","href":"https:\/\/api.w.org\/{rel}","templated":true}]}}