{"id":9,"date":"2019-08-24T10:24:58","date_gmt":"2019-08-24T10:24:58","guid":{"rendered":"https:\/\/kobe-rokko.jp\/cms\/es\/?page_id=9"},"modified":"2022-04-04T15:42:36","modified_gmt":"2022-04-04T06:42:36","slug":"sitepolicy","status":"publish","type":"page","link":"https:\/\/kobe-rokko.jp\/es\/sitepolicy\/","title":{"rendered":"Pol\u00edtica del sitio"},"content":{"rendered":"<p style=\"text-align: right;\">\u00daltima actualizaci\u00f3n: 31 de Agusto de 2019<\/p>\n<p>Esta Asociaci\u00f3n es consciente de la importancia de la informaci\u00f3n personal y considera la protecci\u00f3n de dicha informaci\u00f3n como la base de nuestras actividades comerciales, as\u00f3 como nuestra responsabilidad social. Por esta raz\u00f3n, hemos establecido la siguiente pol\u00edtica de protecci\u00f3n de infomraci\u00f3n perosnal e implementado medidas para el manejo adecuado y seguro de dicha informaci\u00f3n.<\/p>\n<h2>Condiciones de uso del sitio web y pol\u00edtica de derechos de autor<\/h2>\n<p>Est\u00e1 prohibido utilizar la informaci\u00f3n de este sitio proporcionada por cada empresa (como fotos, videos, ilustraciones, logotipos, informaci\u00f3n textual sobre las empresas, etc.) para cualquer otro prop\u00f3sito.<\/p>\n<p>Los t\u00e9rminos y condiciones del sitio web de la ciudad de Kobe y la pol\u00edtica de derechos de autor de la informaci\u00f3n contenida (texto, fotos, videos, ilustraciones, etc.) se enumeran a continuaci\u00f3n.<br \/>\n<a href=\"https:\/\/www.city.kobe.lg.jp\/a57337\/homepage\/p_policy.html\" target=\"_blank\" rel=\"noopener noreferrer\">Condiciones de uso del Sitio Web de la Ciudad de Kobe<\/a><\/p>\n<p>Est\u00e1 prohibido utilizar la informaci\u00f3n de este sitio proporcionada por las empresas (como fotos, videos, ilustraciones, logotipos, informaci\u00f3n textual sobre las empresas, etc.) para cualquer otro prop\u00f3sito.<\/p>\n<p>Cualquier uso de los servicios por parte de los visitantes del sitio despu\u00e9s de ver el sitio (adquisici\u00f3n y uso de informaci\u00f3n sobre restaurantes, otras instalaciones y rutas, compras consultas a una empresa, uso de la informaci\u00f3n enumerada, etc.) se considera una transacci\u00f3n directa entre el usuario del sitio y el proveedor de servicios.<br \/>\nEl poerador del sitio no es parte de la transacci\u00f3n y no es responsable de la transacci\u00f3n.<br \/>\nPor favor consulte directamente con el proveedor de servicios para obtener la informaci\u00f3n m\u00e1s reciente, como el horario comercial, la ubicaci\u00f3n y el contenido del servicio.<br \/>\nTodas las fotos de este sitio que no pertenecen a la ciudad de Kobe fueron proporcionadas por el Consejo de Promoci\u00f3n Tur\u00edstica de Rokko Maya, la compa\u00f1\u00eda de turismo y telef\u00e9rico Mt. Rokko, la Oficina de Turismo de Kobe y cada empresa.<\/p>\n<h2>Descargo de responsabilidad<\/h2>\n<p>Si bien se han hecho todos los esfuerzos posibles para garantizar la precisi\u00f3n de la informaci\u00f3n publicada en el sitio web de la Ciudad de Kobe, la Ciudad de Kobe no ser\u00e1 responsable de ninguna acci\u00f3n que el usuario pueda tomar en funci\u00f3n de la informaci\u00f3n obtenida del sitio web de la Ciudad de Kobe.<br \/>\nTampoco asumimos ninguna responsabilidad por los da\u00f1os o p\u00e9rdidas sufridos por un usuario al acceder a la p\u00e1gina de inicio de la Ciudad de Kobe.<br \/>\nPor favor tenga en cuenta que la Ciudad de Kobe se reserva el derecho de cambiar o eliminar contenido, direcciones u otra informaci\u00f3n sin previo aviso desde el sitio web.<\/p>\n<h2>Pol\u00edtiaca de seguridad de la informaci\u00f3n de la Ciudad de Kobe<\/h2>\n<p>La Ciudad de Kobe ha formulado la Pol\u00edtica de seguridad de la informaci\u00f3n de la Ciudad de Kobe que describe de manera integral las pol\u00edticas, sistemas, medidas, etc., para garantizar la seguridad de la informaci\u00f3n, un paso necesario en un mundo que depende cada vez m\u00e1s de la informaci\u00f3n en l\u00ednea; Operamos este sitio web de acuerdo con esta pol\u00edtica.<br \/>\n<a href=\"https:\/\/www.city.kobe.lg.jp\/a06814\/shise\/jore\/youkou\/0400\/policy.html\" target=\"_blank\" rel=\"noopener noreferrer\">Pol\u00edtica de Seguridad de la Informaci\u00f3n de la Ciudad de Kobe.<\/a><\/p>\n<h2>Comunicaci\u00f3n SSL<\/h2>\n<p>Este sitio web utiliza SSL, el est\u00e1ndar para la tecnolog\u00eda de cifrado que se utiliza actualmente en Internet.<\/p>\n","protected":false},"excerpt":{"rendered":"<p>\u00daltima actualizaci\u00f3n: 31 de Agusto de 2019 Esta Asociaci\u00f3n es consciente de la importancia de la informaci\u00f3n personal y considera la protecci\u00f3n de dicha informaci\u00f3n como la base de nuestras actividades comerciales, as\u00f3 como nuestra responsabilidad social. Por esta raz\u00f3n,\u2026<\/p>\n","protected":false},"author":1,"featured_media":0,"parent":0,"menu_order":0,"comment_status":"closed","ping_status":"closed","template":"","meta":{"footnotes":""},"class_list":["post-9","page","type-page","status-publish","hentry"],"aioseo_notices":[],"_links":{"self":[{"href":"https:\/\/kobe-rokko.jp\/es\/wp-json\/wp\/v2\/pages\/9","targetHints":{"allow":["GET"]}}],"collection":[{"href":"https:\/\/kobe-rokko.jp\/es\/wp-json\/wp\/v2\/pages"}],"about":[{"href":"https:\/\/kobe-rokko.jp\/es\/wp-json\/wp\/v2\/types\/page"}],"author":[{"embeddable":true,"href":"https:\/\/kobe-rokko.jp\/es\/wp-json\/wp\/v2\/users\/1"}],"replies":[{"embeddable":true,"href":"https:\/\/kobe-rokko.jp\/es\/wp-json\/wp\/v2\/comments?post=9"}],"version-history":[{"count":0,"href":"https:\/\/kobe-rokko.jp\/es\/wp-json\/wp\/v2\/pages\/9\/revisions"}],"wp:attachment":[{"href":"https:\/\/kobe-rokko.jp\/es\/wp-json\/wp\/v2\/media?parent=9"}],"curies":[{"name":"wp","href":"https:\/\/api.w.org\/{rel}","templated":true}]}}