{"id":9,"date":"2019-08-24T10:24:58","date_gmt":"2019-08-24T10:24:58","guid":{"rendered":"https:\/\/kobe-rokko.jp\/cms\/fr\/?page_id=9"},"modified":"2022-04-04T15:48:29","modified_gmt":"2022-04-04T06:48:29","slug":"sitepolicy","status":"publish","type":"page","link":"https:\/\/kobe-rokko.jp\/fr\/sitepolicy\/","title":{"rendered":"Politique de confidentialit\u00e9"},"content":{"rendered":"<p style=\"text-align: right;\">Derni\u00e8re actualisation 31 ao\u00fbt 2019<\/p>\n<p>Notre municipalit\u00e9 met la priorit\u00e9 sur la protection des donn\u00e9es personnelles et la consid\u00e8re comme un devoir civique. Pour mener \u00e0 bien notre objectif, les r\u00e8gles ci-dessous sont \u00e9tablies pour une s\u00e9curit\u00e9 maximale et adapt\u00e9e, afin de prot\u00e9ger les donn\u00e9es des personnes r\u00e9f\u00e9renc\u00e9es.<\/p>\n<h2>Conditions d&rsquo;utilisation, et droits d&rsquo;auteurs<\/h2>\n<p>La r\u00e9utilisation des informations fournies par les diff\u00e9rentes structures r\u00e9f\u00e9renc\u00e9es sur ce site (telles que photos, vid\u00e9os, illustrations, logos, textes de pr\u00e9sentation de boutique) est formellement interdite.<\/p>\n<p>Veuillez-vous r\u00e9f\u00e9rer en bas de page pour les droits d&rsquo;auteurs concernant les informations fournies par le site officiel de la ville de Kobe ainsi que leurs conditions d&rsquo;utilisations (textes informatifs, photos, vid\u00e9os, illustrations et autres).<\/p>\n<p><a href=\"https:\/\/www.city.kobe.lg.jp\/a57337\/homepage\/p_policy.html\" target=\"_blank\" rel=\"noopener noreferrer\">Conditions g\u00e9n\u00e9rales d&rsquo;utilisation du site de la ville de Kobe<\/a><\/p>\n<p>La r\u00e9utilisation des informations fournies par les diff\u00e9rentes structures r\u00e9f\u00e9renc\u00e9es sur ce site (telles que photos, vid\u00e9os, illustrations, logos, textes de pr\u00e9sentation de boutique) est formellement interdite.<\/p>\n<p>Pour plus d&rsquo;informations sur les services r\u00e9f\u00e9renc\u00e9s sur ce site (restauration, diff\u00e9rentes structures, transports, usages, shopping, boutiques, etc.) nous invitons nos utilisateurs \u00e0 contacter la ou les structures concern\u00e9es directement.<br \/>\nL&rsquo;\u00e9diteur de ce site ne peut se porter garant, ni responsable des possibles transactions entre l&rsquo;utilisateur et les \u00e9tablissements r\u00e9f\u00e9renc\u00e9s.<br \/>\nNous vous invitons \u00e0 contacter directements les \u00e9tablissements r\u00e9f\u00e9renc\u00e9s pour v\u00e9rifier en amont leurs horaires actuels et leurs services propos\u00e9s.<br \/>\nLes photos publi\u00e9es officiellement sur ce site sont la propri\u00e9t\u00e9 de la municipalit\u00e9 de Kobe, de la Rokko-Maya Japan Travel and Tourism Association, du Mt. Rokko Cable Car &amp; Tourism Company, du Bureau du Tourisme de la ville Kobe, et des diff\u00e9rents \u00e9tablissements r\u00e9f\u00e9renc\u00e9s.<\/p>\n<h2>Avis de non-responsabilit\u00e9<\/h2>\n<p>La municipalit\u00e9 s&rsquo;efforce de s&rsquo;assurer de l&rsquo;exactitude des informations r\u00e9f\u00e9renc\u00e9es sur ce site mais ne peut \u00eatre tenue pour responsable de l&rsquo;utilisation de celles-ci par les utilisateurs.<br \/>\nLa municipalit\u00e9 de Kobe ne peut \u00eatre tenue responsable des pr\u00e9judices rencontr\u00e9s par les utilisateurs acc\u00e9dant \u00e0 notre site.<br \/>\nNous tenons \u00e0 informer nos utilisateurs que le pr\u00e9sent site peut \u00e0 tout moment changer des contenus, ou des adresses sans avoir \u00e0 pr\u00e9venir ses utilisateurs au pr\u00e9alable.<\/p>\n<h2>Politique de s\u00e9curit\u00e9 des informations de la ville Kobe<\/h2>\n<p>La municipalit\u00e9 de Kobe actualise la s\u00e9curit\u00e9 de son site en ad\u00e9quation avec l&rsquo;\u00e9volution des flux d&rsquo;informations afin de garder une protection optimale des donn\u00e9es. Pour ce faire, une \u00ab\u00a0politique de confidentialit\u00e9 des informations de la ville de Kobe\u00a0\u00bb a \u00e9t\u00e9 \u00e9tablie.<\/p>\n<p><a href=\"https:\/\/www.city.kobe.lg.jp\/a06814\/shise\/jore\/youkou\/0400\/policy.html\" target=\"_blank\" rel=\"noopener noreferrer\">Politique de s\u00e9curit\u00e9 des informations de la ville de Kobe<\/a><\/p>\n<h2>\u00c0 propos du protocole SSL<\/h2>\n<p>Ce site utilise un protocle SSL pour crypter ses donn\u00e9es.<\/p>\n","protected":false},"excerpt":{"rendered":"<p>Derni\u00e8re actualisation 31 ao\u00fbt 2019 Notre municipalit\u00e9 met la priorit\u00e9 sur la protection des donn\u00e9es personnelles et la consid\u00e8re comme un devoir civique. Pour mener \u00e0 bien notre objectif, les r\u00e8gles ci-dessous sont \u00e9tablies pour une s\u00e9curit\u00e9 maximale et adapt\u00e9e,\u2026<\/p>\n","protected":false},"author":1,"featured_media":0,"parent":0,"menu_order":0,"comment_status":"closed","ping_status":"closed","template":"","meta":{"footnotes":""},"class_list":["post-9","page","type-page","status-publish","hentry"],"aioseo_notices":[],"_links":{"self":[{"href":"https:\/\/kobe-rokko.jp\/fr\/wp-json\/wp\/v2\/pages\/9","targetHints":{"allow":["GET"]}}],"collection":[{"href":"https:\/\/kobe-rokko.jp\/fr\/wp-json\/wp\/v2\/pages"}],"about":[{"href":"https:\/\/kobe-rokko.jp\/fr\/wp-json\/wp\/v2\/types\/page"}],"author":[{"embeddable":true,"href":"https:\/\/kobe-rokko.jp\/fr\/wp-json\/wp\/v2\/users\/1"}],"replies":[{"embeddable":true,"href":"https:\/\/kobe-rokko.jp\/fr\/wp-json\/wp\/v2\/comments?post=9"}],"version-history":[{"count":0,"href":"https:\/\/kobe-rokko.jp\/fr\/wp-json\/wp\/v2\/pages\/9\/revisions"}],"wp:attachment":[{"href":"https:\/\/kobe-rokko.jp\/fr\/wp-json\/wp\/v2\/media?parent=9"}],"curies":[{"name":"wp","href":"https:\/\/api.w.org\/{rel}","templated":true}]}}